{"id":6702,"date":"2025-01-25T09:48:56","date_gmt":"2025-01-25T08:48:56","guid":{"rendered":"https:\/\/xn--arbetsdagarperr-ulb.se\/?page_id=6702"},"modified":"2025-01-25T11:38:08","modified_gmt":"2025-01-25T10:38:08","slug":"oktober-2025","status":"publish","type":"page","link":"https:\/\/xn--arbetsdagarperr-ulb.se\/da\/oktober-2025\/","title":{"rendered":"oktober 2025"},"content":{"rendered":"<h1><strong>Arbejdstid og strategi for oktober 2025<\/strong><\/h1>\n<p>I oktober 2025 blev i alt <strong>22 arbejdsdage<\/strong> (176 arbejdstimer) hele m\u00e5neden, baseret p\u00e5 en 8-timers arbejdsdag og under hensyntagen til weekender. Oktober har ingen helligdage, hvilket betyder, at alle helligdage er arbejdsdage.<\/p>\n<p><strong>Fordeling af arbejdsdage om ugen:<\/strong><\/p>\n<ul>\n<li><strong>Uge 40:<\/strong> 3 arbejdsdage (24 timer)<\/li>\n<li><strong>Uge 41:<\/strong> 5 arbejdsdage (40 timer)<\/li>\n<li><strong>Uge 42:<\/strong> 5 arbejdsdage (40 timer)<\/li>\n<li><strong>Uge 43:<\/strong> 5 arbejdsdage (40 timer)<\/li>\n<li><strong>Uge 44:<\/strong> 5 arbejdsdage (40 timer)<\/li>\n<\/ul>\n<p>Da oktober 2025 mangler r\u00f8de dage, er det en m\u00e5ned med fuld arbejdsbyrde. Hvis du vil maksimere din fritid i denne periode, kan du planl\u00e6gge lange weekender ved hj\u00e6lp af feriedage.<\/p>\n<h6><strong>R\u00f8de dage og weekender i oktober 2025:<\/strong><\/h6>\n<ul>\n<li><strong>Uge 44:<\/strong> Tag fri <strong>30. oktober<\/strong> (Fredag).\n<ul>\n<li><strong>Effekt:<\/strong> Du f\u00e5r en lang weekend fra fredag den 31. oktober til s\u00f8ndag den 2. november.<\/li>\n<\/ul>\n<\/li>\n<\/ul>\n<p><strong>Oversigt:<\/strong><\/p>\n<p>Samlet arbejdstid: 176 timer. Anbefalede feriedage for maksimal orlov: 4 dage. Resultat: Ved at bruge feriedagene strategisk kan du nyde lange weekender og en l\u00e6ngere periode med restitution.<\/p>","protected":false},"excerpt":{"rendered":"<p>Arbetstimmar och strategi f\u00f6r oktober 2025 I oktober 2025 har man totalt 22 arbetsdagar (176 arbetstimmar) under hela m\u00e5naden, baserat p\u00e5 en arbetsdag p\u00e5 8 timmar och med h\u00e4nsyn till helger. Oktober har inga r\u00f6da dagar, vilket inneb\u00e4r att alla helgfria veckodagar \u00e4r arbetsdagar. F\u00f6rdelning av arbetsdagar per vecka: Vecka 40: 3 arbetsdagar (24 timmar) &hellip;<\/p>\n<p class=\"read-more\"> <a class=\"\" href=\"https:\/\/xn--arbetsdagarperr-ulb.se\/da\/oktober-2025\/\"> <span class=\"screen-reader-text\">oktober 2025<\/span> L\u00e6s mere &quot;<\/a><\/p>","protected":false},"author":1,"featured_media":0,"parent":0,"menu_order":0,"comment_status":"closed","ping_status":"closed","template":"","meta":{"site-sidebar-layout":"default","site-content-layout":"default","ast-main-header-display":"","ast-hfb-above-header-display":"","ast-hfb-below-header-display":"","ast-hfb-mobile-header-display":"","site-post-title":"","ast-breadcrumbs-content":"","ast-featured-img":"","footer-sml-layout":"","theme-transparent-header-meta":"default","adv-header-id-meta":"","stick-header-meta":"","header-above-stick-meta":"","header-main-stick-meta":"","header-below-stick-meta":"","footnotes":""},"class_list":["post-6702","page","type-page","status-publish","hentry"],"_links":{"self":[{"href":"https:\/\/xn--arbetsdagarperr-ulb.se\/da\/wp-json\/wp\/v2\/pages\/6702","targetHints":{"allow":["GET"]}}],"collection":[{"href":"https:\/\/xn--arbetsdagarperr-ulb.se\/da\/wp-json\/wp\/v2\/pages"}],"about":[{"href":"https:\/\/xn--arbetsdagarperr-ulb.se\/da\/wp-json\/wp\/v2\/types\/page"}],"author":[{"embeddable":true,"href":"https:\/\/xn--arbetsdagarperr-ulb.se\/da\/wp-json\/wp\/v2\/users\/1"}],"replies":[{"embeddable":true,"href":"https:\/\/xn--arbetsdagarperr-ulb.se\/da\/wp-json\/wp\/v2\/comments?post=6702"}],"version-history":[{"count":3,"href":"https:\/\/xn--arbetsdagarperr-ulb.se\/da\/wp-json\/wp\/v2\/pages\/6702\/revisions"}],"predecessor-version":[{"id":6758,"href":"https:\/\/xn--arbetsdagarperr-ulb.se\/da\/wp-json\/wp\/v2\/pages\/6702\/revisions\/6758"}],"wp:attachment":[{"href":"https:\/\/xn--arbetsdagarperr-ulb.se\/da\/wp-json\/wp\/v2\/media?parent=6702"}],"curies":[{"name":"wp","href":"https:\/\/api.w.org\/{rel}","templated":true}]}}