{"id":6698,"date":"2025-01-25T09:32:09","date_gmt":"2025-01-25T08:32:09","guid":{"rendered":"https:\/\/xn--arbetsdagarperr-ulb.se\/?page_id=6698"},"modified":"2025-01-25T11:30:57","modified_gmt":"2025-01-25T10:30:57","slug":"september-2025","status":"publish","type":"page","link":"https:\/\/xn--arbetsdagarperr-ulb.se\/da\/september-2025\/","title":{"rendered":"september 2025"},"content":{"rendered":"<h1><strong>Arbejdstid og strategi for september 2025<\/strong><\/h1>\n<p>I september 2025 blev i alt <strong>22 arbejdsdage (176 arbejdstimer)<\/strong> hele m\u00e5neden ud fra en 8-timers arbejdsdag og under hensyntagen til weekender. Da der ikke er helligdage i september, kan feriedage bruges til at skabe l\u00e6ngere fridage.<\/p>\n<h3>Fordeling af arbejdsdage om ugen:<\/h3>\n<ul>\n<li><strong>Uge 36:<\/strong> 5 arbejdsdage (40 timer)<\/li>\n<li><strong>Uge 37:<\/strong> 5 arbejdsdage (40 timer)<\/li>\n<li><strong>Uge 38:<\/strong> 5 arbejdsdage (40 timer)<\/li>\n<li><strong>Uge 39:<\/strong> 5 arbejdsdage (40 timer)<\/li>\n<li><strong>Uge 40:<\/strong> 2 arbejdsdage (16 timer)<\/li>\n<\/ul>\n<h6><strong>R\u00f8de dage og weekender i september 2025:<\/strong><\/h6>\n<p><strong>Forslag 1: Tag fri i slutningen af m\u00e5neden til en lang ferie<\/strong><\/p>\n<ul>\n<li><strong>Uge 40:<\/strong> Tag fri fra 29.-30. september (mandag til tirsdag).\n<ul>\n<li><strong>Effekt:<\/strong> Du f\u00e5r en lang orlov fra l\u00f8rdag den 27. september til s\u00f8ndag den 5. oktober, som giver dig 9 sammenh\u00e6ngende fridage i kun 2 feriedage.<\/li>\n<\/ul>\n<\/li>\n<\/ul>\n<p><strong>Oversigt:<br \/>\n<\/strong><br \/>\nFor at f\u00e5 en lang periode med sammenh\u00e6ngende orlov i september 2025, kan du holde orlov fra den 29. \u2013 30. september (mandag til tirsdag) i uge 40. Ved kun at bruge 2 feriedage f\u00e5r du en lang ferie fra l\u00f8rdag den 27. september til s\u00f8ndag den 5. oktober, hvilket giver dig 9 sammenh\u00e6ngende fridage. Dette giver dig mulighed for at slappe af og restituere i en l\u00e6ngere periode.<\/p>\n<p>&nbsp;<\/p>","protected":false},"excerpt":{"rendered":"<p>Arbetstimmar och strategi f\u00f6r september 2025 I september 2025 har man totalt 22 arbetsdagar (176 arbetstimmar) under hela m\u00e5naden, baserat p\u00e5 en arbetsdag p\u00e5 8 timmar och med h\u00e4nsyn till helger. Eftersom det inte finns n\u00e5gra r\u00f6da dagar i september, kan man anv\u00e4nda semesterdagar f\u00f6r att skapa l\u00e4ngre ledigheter. F\u00f6rdelning av arbetsdagar per vecka: Vecka &hellip;<\/p>\n<p class=\"read-more\"> <a class=\"\" href=\"https:\/\/xn--arbetsdagarperr-ulb.se\/da\/september-2025\/\"> <span class=\"screen-reader-text\">september 2025<\/span> L\u00e6s mere &quot;<\/a><\/p>","protected":false},"author":1,"featured_media":0,"parent":0,"menu_order":0,"comment_status":"closed","ping_status":"closed","template":"","meta":{"site-sidebar-layout":"default","site-content-layout":"default","ast-main-header-display":"","ast-hfb-above-header-display":"","ast-hfb-below-header-display":"","ast-hfb-mobile-header-display":"","site-post-title":"","ast-breadcrumbs-content":"","ast-featured-img":"","footer-sml-layout":"","theme-transparent-header-meta":"default","adv-header-id-meta":"","stick-header-meta":"","header-above-stick-meta":"","header-main-stick-meta":"","header-below-stick-meta":"","footnotes":""},"class_list":["post-6698","page","type-page","status-publish","hentry"],"_links":{"self":[{"href":"https:\/\/xn--arbetsdagarperr-ulb.se\/da\/wp-json\/wp\/v2\/pages\/6698","targetHints":{"allow":["GET"]}}],"collection":[{"href":"https:\/\/xn--arbetsdagarperr-ulb.se\/da\/wp-json\/wp\/v2\/pages"}],"about":[{"href":"https:\/\/xn--arbetsdagarperr-ulb.se\/da\/wp-json\/wp\/v2\/types\/page"}],"author":[{"embeddable":true,"href":"https:\/\/xn--arbetsdagarperr-ulb.se\/da\/wp-json\/wp\/v2\/users\/1"}],"replies":[{"embeddable":true,"href":"https:\/\/xn--arbetsdagarperr-ulb.se\/da\/wp-json\/wp\/v2\/comments?post=6698"}],"version-history":[{"count":5,"href":"https:\/\/xn--arbetsdagarperr-ulb.se\/da\/wp-json\/wp\/v2\/pages\/6698\/revisions"}],"predecessor-version":[{"id":6752,"href":"https:\/\/xn--arbetsdagarperr-ulb.se\/da\/wp-json\/wp\/v2\/pages\/6698\/revisions\/6752"}],"wp:attachment":[{"href":"https:\/\/xn--arbetsdagarperr-ulb.se\/da\/wp-json\/wp\/v2\/media?parent=6698"}],"curies":[{"name":"wp","href":"https:\/\/api.w.org\/{rel}","templated":true}]}}