{"id":6696,"date":"2025-01-23T15:25:46","date_gmt":"2025-01-23T14:25:46","guid":{"rendered":"https:\/\/xn--arbetsdagarperr-ulb.se\/?page_id=6696"},"modified":"2025-01-25T11:29:55","modified_gmt":"2025-01-25T10:29:55","slug":"augusti-2025","status":"publish","type":"page","link":"https:\/\/xn--arbetsdagarperr-ulb.se\/da\/august-2025\/","title":{"rendered":"august 2025"},"content":{"rendered":"<h1><strong>Arbejdstid og strategi for august 2025<\/strong><\/h1>\n<p>I august 2025 har du i alt <strong>22 arbejdsdage<\/strong> (176 arbejdstimer) hele m\u00e5neden, baseret p\u00e5 en arbejdsdag p\u00e5 8 timer og under hensyntagen til weekender. Da der ikke er r\u00f8de dage i august, er det muligt at planl\u00e6gge l\u00e6ngere ferier ved at bruge feriedage.<\/p>\n<h3>Fordeling af arbejdsdage om ugen:<\/h3>\n<ul>\n<li><strong>Uge 31:<\/strong> 1 arbejdsdag (8 timer)<\/li>\n<li><strong>Uge 32:<\/strong> 5 arbejdsdage (40 timer)<\/li>\n<li><strong>Uge 33:<\/strong> 5 arbejdsdage (40 timer)<\/li>\n<li><strong>Uge 34:<\/strong> 5 arbejdsdage (40 timer)<\/li>\n<li><strong>Uge 35:<\/strong> 5 arbejdsdage (40 timer)<\/li>\n<\/ul>\n<p><strong>R\u00f8de dage og weekender i august 2025:<\/strong><\/p>\n<p>Forslag 1: Tag fri for at f\u00e5 en lang orlov i slutningen af m\u00e5neden<\/p>\n<ul>\n<li><strong>Uge 35:<\/strong> Tag fri fra 25.-29. august (mandag til fredag).\n<ul>\n<li>Effekt: Du f\u00e5r lang orlov fra l\u00f8rdag 23. august til s\u00f8ndag 31. august, hvilket giver dig 9 sammenh\u00e6ngende fridage i kun 4 feriedage.<\/li>\n<\/ul>\n<\/li>\n<\/ul>\n<p><strong>Oversigt:<\/strong><\/p>\n<p>For maksimal orlov i august 2025 anbefales det at bruge 4 feriedage. Ved at planl\u00e6gge dine feriedage strategisk kan du skabe en l\u00e6ngere periode med restitution, s\u00e5 du kan nyde mere konsekvent fri og restituere ordentligt til efter\u00e5ret.<\/p>","protected":false},"excerpt":{"rendered":"<p>Arbetstimmar och strategi f\u00f6r augusti 2025 I augusti 2025 har man totalt 22 arbetsdagar (176 arbetstimmar) under hela m\u00e5naden, baserat p\u00e5 en arbetsdag p\u00e5 8 timmar och med h\u00e4nsyn till helger. Eftersom det inte finns n\u00e5gra r\u00f6da dagar i augusti, \u00e4r det m\u00f6jligt att planera l\u00e4ngre ledigheter genom att anv\u00e4nda semesterdagar. F\u00f6rdelning av arbetsdagar per &hellip;<\/p>\n<p class=\"read-more\"> <a class=\"\" href=\"https:\/\/xn--arbetsdagarperr-ulb.se\/da\/august-2025\/\"> <span class=\"screen-reader-text\">august 2025<\/span> L\u00e6s mere &quot;<\/a><\/p>","protected":false},"author":1,"featured_media":0,"parent":0,"menu_order":0,"comment_status":"closed","ping_status":"closed","template":"","meta":{"site-sidebar-layout":"default","site-content-layout":"default","ast-main-header-display":"","ast-hfb-above-header-display":"","ast-hfb-below-header-display":"","ast-hfb-mobile-header-display":"","site-post-title":"","ast-breadcrumbs-content":"","ast-featured-img":"","footer-sml-layout":"","theme-transparent-header-meta":"default","adv-header-id-meta":"","stick-header-meta":"","header-above-stick-meta":"","header-main-stick-meta":"","header-below-stick-meta":"","footnotes":""},"class_list":["post-6696","page","type-page","status-publish","hentry"],"_links":{"self":[{"href":"https:\/\/xn--arbetsdagarperr-ulb.se\/da\/wp-json\/wp\/v2\/pages\/6696","targetHints":{"allow":["GET"]}}],"collection":[{"href":"https:\/\/xn--arbetsdagarperr-ulb.se\/da\/wp-json\/wp\/v2\/pages"}],"about":[{"href":"https:\/\/xn--arbetsdagarperr-ulb.se\/da\/wp-json\/wp\/v2\/types\/page"}],"author":[{"embeddable":true,"href":"https:\/\/xn--arbetsdagarperr-ulb.se\/da\/wp-json\/wp\/v2\/users\/1"}],"replies":[{"embeddable":true,"href":"https:\/\/xn--arbetsdagarperr-ulb.se\/da\/wp-json\/wp\/v2\/comments?post=6696"}],"version-history":[{"count":4,"href":"https:\/\/xn--arbetsdagarperr-ulb.se\/da\/wp-json\/wp\/v2\/pages\/6696\/revisions"}],"predecessor-version":[{"id":6751,"href":"https:\/\/xn--arbetsdagarperr-ulb.se\/da\/wp-json\/wp\/v2\/pages\/6696\/revisions\/6751"}],"wp:attachment":[{"href":"https:\/\/xn--arbetsdagarperr-ulb.se\/da\/wp-json\/wp\/v2\/media?parent=6696"}],"curies":[{"name":"wp","href":"https:\/\/api.w.org\/{rel}","templated":true}]}}