{"id":6691,"date":"2025-01-23T14:38:41","date_gmt":"2025-01-23T13:38:41","guid":{"rendered":"https:\/\/xn--arbetsdagarperr-ulb.se\/?page_id=6691"},"modified":"2025-01-25T11:29:01","modified_gmt":"2025-01-25T10:29:01","slug":"juli-2025","status":"publish","type":"page","link":"https:\/\/xn--arbetsdagarperr-ulb.se\/da\/juli-2025\/","title":{"rendered":"juli 2025"},"content":{"rendered":"<h1><strong>Arbejdstider og strategi for juli 2025<\/strong><\/h1>\n<p>I juli 2025 har du i alt <strong>23 arbejdsdage<\/strong> (<strong>184 arbejdstimer<\/strong>) hele m\u00e5neden, baseret p\u00e5 en arbejdsdag p\u00e5 8 timer og under hensyntagen til weekender. Da der ikke er r\u00f8de dage i juli, er det muligt at planl\u00e6gge l\u00e6ngere ferier ved at bruge feriedage.<\/p>\n<p><strong>Fordeling af arbejdsdage om ugen:<\/strong><\/p>\n<ul>\n<li><strong>Uge 27:<\/strong> 4 arbejdsdage (32 timer)<\/li>\n<li><strong>Uge 28:<\/strong> 5 arbejdsdage (40 timer)<\/li>\n<li><strong>Uge 29:<\/strong> 5 arbejdsdage (40 timer)<\/li>\n<li><strong>Uge 30:<\/strong> 5 arbejdsdage (40 timer)<\/li>\n<li><strong>Uge 31:<\/strong> 4 arbejdsdage (32 timer)<\/li>\n<\/ul>\n<p><strong>R\u00f8de dage og weekender i juli 2025:<\/strong><\/p>\n<p>Forslag 1: Tag fri i slutningen af m\u00e5neden<\/p>\n<ul>\n<li>Uge 31: Hold fri 28.-31. juli (tirsdag til fredag).\n<ul>\n<li>Effekt: Du f\u00e5r lang orlov fra l\u00f8rdag den 26. juli til s\u00f8ndag den 3. august, hvilket giver dig 9 sammenh\u00e6ngende fridage i kun 4 feriedage.<\/li>\n<\/ul>\n<\/li>\n<\/ul>\n<p><strong>Oversigt:<\/strong><br \/>\nFor at f\u00e5 en l\u00e6ngere periode med sammenh\u00e6ngende orlov i juli 2025 anbefales det, at du holder fri den 28.-31. juli (tirsdag til fredag) i uge 31. Ved at g\u00f8re dette f\u00e5r du en lang orlov fra l\u00f8rdag den 26. juli til s\u00f8ndag den 3. august , hvilket giver dig i alt 9 fridage i kun 4 feriedage. Dette er en fantastisk m\u00e5de at nyde en l\u00e6ngere restitutionsperiode uden at bruge for mange feriedage.<strong><br \/>\n<\/strong><\/p>\n<p>&nbsp;<\/p>","protected":false},"excerpt":{"rendered":"<p>Arbetstimmar och strategi f\u00f6r juli 2025 I juli 2025 har man totalt 23 arbetsdagar (184 arbetstimmar) under hela m\u00e5naden, baserat p\u00e5 en arbetsdag p\u00e5 8 timmar och med h\u00e4nsyn till helger. Eftersom det inte finns n\u00e5gra r\u00f6da dagar i juli, \u00e4r det m\u00f6jligt att planera l\u00e4ngre ledigheter genom att anv\u00e4nda semesterdagar. F\u00f6rdelning av arbetsdagar per &hellip;<\/p>\n<p class=\"read-more\"> <a class=\"\" href=\"https:\/\/xn--arbetsdagarperr-ulb.se\/da\/juli-2025\/\"> <span class=\"screen-reader-text\">juli 2025<\/span> L\u00e6s mere &quot;<\/a><\/p>","protected":false},"author":1,"featured_media":0,"parent":0,"menu_order":0,"comment_status":"closed","ping_status":"closed","template":"","meta":{"site-sidebar-layout":"default","site-content-layout":"default","ast-main-header-display":"","ast-hfb-above-header-display":"","ast-hfb-below-header-display":"","ast-hfb-mobile-header-display":"","site-post-title":"","ast-breadcrumbs-content":"","ast-featured-img":"","footer-sml-layout":"","theme-transparent-header-meta":"default","adv-header-id-meta":"","stick-header-meta":"","header-above-stick-meta":"","header-main-stick-meta":"","header-below-stick-meta":"","footnotes":""},"class_list":["post-6691","page","type-page","status-publish","hentry"],"_links":{"self":[{"href":"https:\/\/xn--arbetsdagarperr-ulb.se\/da\/wp-json\/wp\/v2\/pages\/6691","targetHints":{"allow":["GET"]}}],"collection":[{"href":"https:\/\/xn--arbetsdagarperr-ulb.se\/da\/wp-json\/wp\/v2\/pages"}],"about":[{"href":"https:\/\/xn--arbetsdagarperr-ulb.se\/da\/wp-json\/wp\/v2\/types\/page"}],"author":[{"embeddable":true,"href":"https:\/\/xn--arbetsdagarperr-ulb.se\/da\/wp-json\/wp\/v2\/users\/1"}],"replies":[{"embeddable":true,"href":"https:\/\/xn--arbetsdagarperr-ulb.se\/da\/wp-json\/wp\/v2\/comments?post=6691"}],"version-history":[{"count":6,"href":"https:\/\/xn--arbetsdagarperr-ulb.se\/da\/wp-json\/wp\/v2\/pages\/6691\/revisions"}],"predecessor-version":[{"id":6750,"href":"https:\/\/xn--arbetsdagarperr-ulb.se\/da\/wp-json\/wp\/v2\/pages\/6691\/revisions\/6750"}],"wp:attachment":[{"href":"https:\/\/xn--arbetsdagarperr-ulb.se\/da\/wp-json\/wp\/v2\/media?parent=6691"}],"curies":[{"name":"wp","href":"https:\/\/api.w.org\/{rel}","templated":true}]}}