{"id":6685,"date":"2025-01-23T14:28:42","date_gmt":"2025-01-23T13:28:42","guid":{"rendered":"https:\/\/xn--arbetsdagarperr-ulb.se\/?page_id=6685"},"modified":"2025-01-25T11:27:27","modified_gmt":"2025-01-25T10:27:27","slug":"juni-2025","status":"publish","type":"page","link":"https:\/\/xn--arbetsdagarperr-ulb.se\/da\/juni-2025\/","title":{"rendered":"juni 2025"},"content":{"rendered":"<h1><strong>Arbejdstid og strategi for juni 2025<\/strong><\/h1>\n<p>I juni 2025 har du i alt <strong>22 arbejdsdage<\/strong> (176 arbejdstimer) hele m\u00e5neden, baseret p\u00e5 en arbejdsdag p\u00e5 8 timer og under hensyntagen til weekender og helligdage. I juni er der 2 r\u00f8de dage, Sveriges nationaldag fredag 6. juni og midsommerdag l\u00f8rdag 21. juni.<\/p>\n<p><span style=\"font-size: 1.5em; font-weight: bold;\">Fordeling af arbejdsdage om ugen:<\/span><\/p>\n<ul>\n<li><strong>Uge 22:<\/strong> 5 arbejdsdage (40 timer)<\/li>\n<li><strong>Uge 23:<\/strong> 4 arbejdsdage (32 timer) (nationaldagen er en r\u00f8d dag)<\/li>\n<li><strong>Uge 24:<\/strong> 4 arbejdsdage (32 timer)<\/li>\n<li><strong>Uge 25:<\/strong> 5 arbejdsdage (40 timer) (Aftensmad er en r\u00f8d dag)<\/li>\n<li><strong>Uge 26:<\/strong> 4 arbejdsdage (32 timer)<\/li>\n<\/ul>\n<p><strong>R\u00f8de dage og weekender juni 2025:<\/strong><\/p>\n<p>Forslag 1: Tag en ekstra fridag f\u00f8r Sveriges nationaldag<\/p>\n<ul>\n<li><strong>Uge 23:<\/strong> Tag fri den 5. juni (torsdag).\n<ul>\n<li><strong>Effekt:<\/strong> Du f\u00e5r en lang weekend fra torsdag 5. juni til s\u00f8ndag 8. juni<\/li>\n<\/ul>\n<\/li>\n<\/ul>\n<ul>\n<li style=\"list-style-type: none;\"><\/li>\n<\/ul>\n<p><strong>Oversigt:<br \/>\n<\/strong>For at skabe en lang weekend til Sveriges nationaldag, anbefales det, at du holder fri den 5. juni (torsdag) i uge 23. Ved at g\u00f8re dette f\u00e5r du en lang weekend fra torsdag den 5. juni til s\u00f8ndag den 8. juni, hvilket giver dig ekstra tid til restitution uden at skulle holde mange feriedage<strong><br \/>\n<\/strong><\/p>\n<p>&nbsp;<\/p>","protected":false},"excerpt":{"rendered":"<p>Arbetstimmar och strategi f\u00f6r juni 2025 I juni 2025 har man totalt 22 arbetsdagar (176 arbetstimmar) under hela m\u00e5naden, baserat p\u00e5 en arbetsdag p\u00e5 8 timmar och med h\u00e4nsyn till helger och r\u00f6da dagar. I juni finns det 2 r\u00f6da dagar, Sverige nationaldag fredagen den 6 juni och midsommardagen l\u00f6rdagen den 21 juni. F\u00f6rdelning av &hellip;<\/p>\n<p class=\"read-more\"> <a class=\"\" href=\"https:\/\/xn--arbetsdagarperr-ulb.se\/da\/juni-2025\/\"> <span class=\"screen-reader-text\">juni 2025<\/span> L\u00e6s mere &quot;<\/a><\/p>","protected":false},"author":1,"featured_media":0,"parent":0,"menu_order":0,"comment_status":"closed","ping_status":"closed","template":"","meta":{"site-sidebar-layout":"default","site-content-layout":"default","ast-main-header-display":"","ast-hfb-above-header-display":"","ast-hfb-below-header-display":"","ast-hfb-mobile-header-display":"","site-post-title":"","ast-breadcrumbs-content":"","ast-featured-img":"","footer-sml-layout":"","theme-transparent-header-meta":"default","adv-header-id-meta":"","stick-header-meta":"","header-above-stick-meta":"","header-main-stick-meta":"","header-below-stick-meta":"","footnotes":""},"class_list":["post-6685","page","type-page","status-publish","hentry"],"_links":{"self":[{"href":"https:\/\/xn--arbetsdagarperr-ulb.se\/da\/wp-json\/wp\/v2\/pages\/6685","targetHints":{"allow":["GET"]}}],"collection":[{"href":"https:\/\/xn--arbetsdagarperr-ulb.se\/da\/wp-json\/wp\/v2\/pages"}],"about":[{"href":"https:\/\/xn--arbetsdagarperr-ulb.se\/da\/wp-json\/wp\/v2\/types\/page"}],"author":[{"embeddable":true,"href":"https:\/\/xn--arbetsdagarperr-ulb.se\/da\/wp-json\/wp\/v2\/users\/1"}],"replies":[{"embeddable":true,"href":"https:\/\/xn--arbetsdagarperr-ulb.se\/da\/wp-json\/wp\/v2\/comments?post=6685"}],"version-history":[{"count":6,"href":"https:\/\/xn--arbetsdagarperr-ulb.se\/da\/wp-json\/wp\/v2\/pages\/6685\/revisions"}],"predecessor-version":[{"id":6749,"href":"https:\/\/xn--arbetsdagarperr-ulb.se\/da\/wp-json\/wp\/v2\/pages\/6685\/revisions\/6749"}],"wp:attachment":[{"href":"https:\/\/xn--arbetsdagarperr-ulb.se\/da\/wp-json\/wp\/v2\/media?parent=6685"}],"curies":[{"name":"wp","href":"https:\/\/api.w.org\/{rel}","templated":true}]}}