{"id":6678,"date":"2025-01-23T14:08:05","date_gmt":"2025-01-23T13:08:05","guid":{"rendered":"https:\/\/xn--arbetsdagarperr-ulb.se\/?page_id=6678"},"modified":"2025-01-25T11:26:30","modified_gmt":"2025-01-25T10:26:30","slug":"maj-2025","status":"publish","type":"page","link":"https:\/\/xn--arbetsdagarperr-ulb.se\/da\/maj-2025\/","title":{"rendered":"maj 2025"},"content":{"rendered":"<h1><strong>Arbejdstid og strategi for maj 2025<\/strong><\/h1>\n<p>I maj 2025 har du i alt <strong>21 arbejdsdage<\/strong> (168 arbejdstimer) hele m\u00e5neden, baseret p\u00e5 en arbejdsdag p\u00e5 8 timer og under hensyntagen til weekender og helligdage. I maj er der 2 r\u00f8de klemmedage, som giver mulighed for to lange weekender. Torsdag den f\u00f8rste maj og torsdag den 29. maj Kristi Himmelfartsdag.<\/p>\n<h6>Fordeling af arbejdsdage om ugen:<\/h6>\n<ul>\n<li><strong>Uge 18:<\/strong> 4 arbejdsdage (32 timer) (1. maj er en r\u00f8d dag)<\/li>\n<li><strong>Uge 19:<\/strong> 5 arbejdsdage (40 timer)<\/li>\n<li><strong>Uge 20:<\/strong> 5 arbejdsdage (40 timer)<\/li>\n<li><strong>Uge 21:<\/strong> 4 arbejdsdage (32 timer) (Kristi Himmelfartsdag er en r\u00f8d dag)<\/li>\n<li><strong>Uge 22:<\/strong> 3 arbejdsdage (24 timer)<\/li>\n<\/ul>\n<p><strong>R\u00f8de dage og weekender i maj 2025:<\/strong><\/p>\n<p><strong>Forslag 1<\/strong>: Tag squeeze-dagen fri mellem 1. maj og weekenden.<\/p>\n<ul>\n<li>Uge 18: Hold fri den 2. maj (fredag).\n<ul>\n<li>Effekt: Du f\u00e5r en lang weekend at nyde.<\/li>\n<\/ul>\n<\/li>\n<\/ul>\n<p><strong>Forslag 2<\/strong>: Tag fri i klemmedagen mellem Kristi Himmelfartsdag og l\u00f8rdag.<\/p>\n<ul>\n<li>Uge 22: Hold fri d. 30. maj (fredag).\n<ul>\n<li>Effekt: Du f\u00e5r en lang weekend at nyde.<\/li>\n<\/ul>\n<\/li>\n<\/ul>\n<p><strong>Oversigt:<\/strong><\/p>\n<p>For at oprette l\u00e6ngere orlovsperioder i maj 2025 kan du bruge feriedage p\u00e5 klemdagene. Forslag 1 er at holde fri den 2. maj (fredag) i uge 18, hvilket giver dig en lang weekend fra fredag til s\u00f8ndag at nyde. Forslag 2 er at holde fri den 30. maj (fredag) i uge 22, hvilket giver dig en lang weekend fra fredag til s\u00f8ndag, perfekt til afslapning og restituering.<\/p>","protected":false},"excerpt":{"rendered":"<p>Arbetstimmar och strategi f\u00f6r maj 2025 I maj 2025 har man totalt 21 arbetsdagar (168 arbetstimmar) under hela m\u00e5naden, baserat p\u00e5 en arbetsdag p\u00e5 8 timmar och med h\u00e4nsyn till helger och r\u00f6da dagar. I maj finns det 2 r\u00f6da kl\u00e4mdagar som ger m\u00f6jligheten till tv\u00e5 l\u00e5nghelger. Torsdagen den f\u00f6rsta maj och torsdagen 29 maj &hellip;<\/p>\n<p class=\"read-more\"> <a class=\"\" href=\"https:\/\/xn--arbetsdagarperr-ulb.se\/da\/maj-2025\/\"> <span class=\"screen-reader-text\">maj 2025<\/span> L\u00e6s mere &quot;<\/a><\/p>","protected":false},"author":1,"featured_media":0,"parent":0,"menu_order":0,"comment_status":"closed","ping_status":"closed","template":"","meta":{"site-sidebar-layout":"default","site-content-layout":"default","ast-main-header-display":"","ast-hfb-above-header-display":"","ast-hfb-below-header-display":"","ast-hfb-mobile-header-display":"","site-post-title":"","ast-breadcrumbs-content":"","ast-featured-img":"","footer-sml-layout":"","theme-transparent-header-meta":"default","adv-header-id-meta":"","stick-header-meta":"","header-above-stick-meta":"","header-main-stick-meta":"","header-below-stick-meta":"","footnotes":""},"class_list":["post-6678","page","type-page","status-publish","hentry"],"_links":{"self":[{"href":"https:\/\/xn--arbetsdagarperr-ulb.se\/da\/wp-json\/wp\/v2\/pages\/6678","targetHints":{"allow":["GET"]}}],"collection":[{"href":"https:\/\/xn--arbetsdagarperr-ulb.se\/da\/wp-json\/wp\/v2\/pages"}],"about":[{"href":"https:\/\/xn--arbetsdagarperr-ulb.se\/da\/wp-json\/wp\/v2\/types\/page"}],"author":[{"embeddable":true,"href":"https:\/\/xn--arbetsdagarperr-ulb.se\/da\/wp-json\/wp\/v2\/users\/1"}],"replies":[{"embeddable":true,"href":"https:\/\/xn--arbetsdagarperr-ulb.se\/da\/wp-json\/wp\/v2\/comments?post=6678"}],"version-history":[{"count":6,"href":"https:\/\/xn--arbetsdagarperr-ulb.se\/da\/wp-json\/wp\/v2\/pages\/6678\/revisions"}],"predecessor-version":[{"id":6748,"href":"https:\/\/xn--arbetsdagarperr-ulb.se\/da\/wp-json\/wp\/v2\/pages\/6678\/revisions\/6748"}],"wp:attachment":[{"href":"https:\/\/xn--arbetsdagarperr-ulb.se\/da\/wp-json\/wp\/v2\/media?parent=6678"}],"curies":[{"name":"wp","href":"https:\/\/api.w.org\/{rel}","templated":true}]}}