{"id":6675,"date":"2025-01-23T13:03:56","date_gmt":"2025-01-23T12:03:56","guid":{"rendered":"https:\/\/xn--arbetsdagarperr-ulb.se\/?page_id=6675"},"modified":"2025-01-25T11:36:10","modified_gmt":"2025-01-25T10:36:10","slug":"april-2025","status":"publish","type":"page","link":"https:\/\/xn--arbetsdagarperr-ulb.se\/da\/april-2025\/","title":{"rendered":"april 2025"},"content":{"rendered":"<h1><strong>Arbejdstid og strategi for april 2025<\/strong><\/h1>\n<p>I april 2025 har du i alt <strong>21 arbejdsdage<\/strong> (168 arbejdstimer) hele m\u00e5neden., baseret p\u00e5 en arbejdsdag p\u00e5 8 timer og under hensyntagen til weekender og helligdage. I april er der 2 r\u00f8de dage, der giver mulighed for lidt velfortjent lang fri. Langfredag den 18. april og 2. juledag p\u00e5skedag den 21. april.<\/p>\n<p>&nbsp;<\/p>\n<p><strong>Fordeling af arbejdsdage om ugen:<\/strong><\/p>\n<ul>\n<li><strong>Uge 14:<\/strong> 5 arbejdsdage (40 timer)<\/li>\n<li><strong>Uge 15:<\/strong> 5 arbejdsdage (40 timer)<\/li>\n<li><strong>Uge 16:<\/strong> 4 arbejdsdage (32 timer) (langfredag, r\u00f8d dag)<\/li>\n<li><strong>Uge 17:<\/strong> 4 arbejdsdage (32 timer) (p\u00e5skedag, r\u00f8d dag)<\/li>\n<li><strong>Uge 18:<\/strong> 3 arbejdsdage (24 timer)<\/li>\n<\/ul>\n<h6><strong>R\u00f8de dage og weekender i april 2025:<\/strong><\/h6>\n<p><strong>Forslag 1: Tag fri mellem langfredag og p\u00e5skedag<\/strong><\/p>\n<ul>\n<li><strong>Uge 17:<\/strong> Tag fri <strong>22-25 april<\/strong> (tirsdag til fredag).\n<ul>\n<li>Effekt: Du f\u00e5r lang orlov fra fredag den 18. april til s\u00f8ndag den 27. april, hvilket giver dig 10 sammenh\u00e6ngende fridage i kun 4 feriedage.<\/li>\n<\/ul>\n<\/li>\n<\/ul>\n<p><strong>Forslag 2: Kombiner med p\u00e5skeweekenden<\/strong><\/p>\n<ul>\n<li><strong>Uge 16:<\/strong> Tag fri <strong>15-17 april<\/strong> (tirsdag til torsdag).\n<ul>\n<li>Effekt: Du f\u00e5r forl\u00e6nget orlov fra l\u00f8rdag den 13. april til mandag den 21. april (p\u00e5skedag), hvilket giver dig 7 sammenh\u00e6ngende fridage i kun 2 feriedage.<\/li>\n<\/ul>\n<\/li>\n<\/ul>\n<p><strong>Oversigt:<br \/>\n<\/strong>April er en m\u00e5ned med mulighed for lange weekender. Ved at bruge feriedagene strategisk kan du nyde lange weekender og en l\u00e6ngere periode med restitution<\/p>\n<p>&nbsp;<\/p>","protected":false},"excerpt":{"rendered":"<p>Arbetstimmar och strategi f\u00f6r april 2025 I april 2025 har man totalt 21 arbetsdagar (168 arbetstimmar) under hela m\u00e5naden., baserat p\u00e5 en arbetsdag p\u00e5 8 timmar och med h\u00e4nsyn till helger och r\u00f6da dagar. I april finns det 2 r\u00f6da dagar som g\u00f6r det m\u00f6jligt f\u00f6r lite v\u00e4lf\u00f6rtj\u00e4nt l\u00e5ng ledighet. L\u00e5ngfredagen den 18 april och &hellip;<\/p>\n<p class=\"read-more\"> <a class=\"\" href=\"https:\/\/xn--arbetsdagarperr-ulb.se\/da\/april-2025\/\"> <span class=\"screen-reader-text\">april 2025<\/span> L\u00e6s mere &quot;<\/a><\/p>","protected":false},"author":1,"featured_media":0,"parent":0,"menu_order":0,"comment_status":"closed","ping_status":"closed","template":"","meta":{"site-sidebar-layout":"default","site-content-layout":"default","ast-main-header-display":"","ast-hfb-above-header-display":"","ast-hfb-below-header-display":"","ast-hfb-mobile-header-display":"","site-post-title":"","ast-breadcrumbs-content":"","ast-featured-img":"","footer-sml-layout":"","theme-transparent-header-meta":"default","adv-header-id-meta":"","stick-header-meta":"","header-above-stick-meta":"","header-main-stick-meta":"","header-below-stick-meta":"","footnotes":""},"class_list":["post-6675","page","type-page","status-publish","hentry"],"_links":{"self":[{"href":"https:\/\/xn--arbetsdagarperr-ulb.se\/da\/wp-json\/wp\/v2\/pages\/6675","targetHints":{"allow":["GET"]}}],"collection":[{"href":"https:\/\/xn--arbetsdagarperr-ulb.se\/da\/wp-json\/wp\/v2\/pages"}],"about":[{"href":"https:\/\/xn--arbetsdagarperr-ulb.se\/da\/wp-json\/wp\/v2\/types\/page"}],"author":[{"embeddable":true,"href":"https:\/\/xn--arbetsdagarperr-ulb.se\/da\/wp-json\/wp\/v2\/users\/1"}],"replies":[{"embeddable":true,"href":"https:\/\/xn--arbetsdagarperr-ulb.se\/da\/wp-json\/wp\/v2\/comments?post=6675"}],"version-history":[{"count":7,"href":"https:\/\/xn--arbetsdagarperr-ulb.se\/da\/wp-json\/wp\/v2\/pages\/6675\/revisions"}],"predecessor-version":[{"id":6757,"href":"https:\/\/xn--arbetsdagarperr-ulb.se\/da\/wp-json\/wp\/v2\/pages\/6675\/revisions\/6757"}],"wp:attachment":[{"href":"https:\/\/xn--arbetsdagarperr-ulb.se\/da\/wp-json\/wp\/v2\/media?parent=6675"}],"curies":[{"name":"wp","href":"https:\/\/api.w.org\/{rel}","templated":true}]}}