{"id":6668,"date":"2025-01-23T11:42:09","date_gmt":"2025-01-23T10:42:09","guid":{"rendered":"https:\/\/xn--arbetsdagarperr-ulb.se\/?page_id=6668"},"modified":"2025-01-25T11:34:05","modified_gmt":"2025-01-25T10:34:05","slug":"mars-2025","status":"publish","type":"page","link":"https:\/\/xn--arbetsdagarperr-ulb.se\/da\/marts-2025\/","title":{"rendered":"marts 2025"},"content":{"rendered":"<h1><strong>Arbejdstid og strategi for marts 2025<\/strong><\/h1>\n<p>I marts 2025 vil der v\u00e6re i alt <strong>21 arbejdsdage<\/strong> (168 arbejdstimer) hele m\u00e5neden, baseret p\u00e5 en 8-timers arbejdsdag og under hensyntagen til weekender. Marts har ingen r\u00f8de dage, hvilket betyder, at alle helligdage er arbejdsdage.<\/p>\n<h3>Arbejdstid om ugen:<\/h3>\n<ul>\n<li><strong>Uge 10:<\/strong> 5 dage (40 timer)<\/li>\n<li><strong>Uge 11:<\/strong> 5 dage (40 timer)<\/li>\n<li><strong>Uge 12:<\/strong> 5 dage (40 timer)<\/li>\n<li><strong>Uge 13:<\/strong> 5 dage (40 timer)<\/li>\n<li><strong>Uge 14:<\/strong> 1 dag (8 timer)<\/li>\n<\/ul>\n<p>Da marts 2025 mangler r\u00f8de dage, er det en m\u00e5ned med fuld arbejdsbyrde. Hvis du vil maksimere din fritid i denne periode, kan du planl\u00e6gge lange weekender ved at bruge feriedage.<\/p>\n<h4><strong>R\u00f8de dage og weekender i marts 2025:<\/strong><\/h4>\n<ul>\n<li><strong>Uge 11:<\/strong><br \/>\nTag fri fredag den 7. marts for at skabe en lang weekend fra fredag til s\u00f8ndag. Dette giver dig 3 sammenh\u00e6ngende fridage i kun 1 feriedag.<\/li>\n<li><strong>Uge 13:<\/strong><br \/>\nTag fri mandag den 24. marts (dagen efter for\u00e5rsj\u00e6vnd\u00f8gn, hvis du \u00f8nsker et symbolsk afbr\u00e6k). Dette giver dig 3 sammenh\u00e6ngende fridage i 1 feriedag.<\/li>\n<\/ul>\n<h4>Oversigt:<\/h4>\n<p>Ved at bruge total <strong>2 feriedage<\/strong> I marts 2025 (7. og 24. marts) kan du nyde to lange weekender i l\u00f8bet af m\u00e5neden, mens du holder dit ferieforbrug nede, hvilket betyder, at du har flere dage tilbage til de kommende m\u00e5neder.<\/p>","protected":false},"excerpt":{"rendered":"<p>Arbetstimmar och strategi f\u00f6r mars 2025 I mars 2025 har man totalt 21 arbetsdagar (168 arbetstimmar) under hela m\u00e5naden, baserat p\u00e5 en arbetsdag p\u00e5 8 timmar och med h\u00e4nsyn till helger. Mars har inga r\u00f6da dagar, vilket inneb\u00e4r att alla helgfria veckodagar \u00e4r arbetsdagar. Arbetstimmar per vecka: Vecka 10: 5 dagar (40 timmar) Vecka 11: &hellip;<\/p>\n<p class=\"read-more\"> <a class=\"\" href=\"https:\/\/xn--arbetsdagarperr-ulb.se\/da\/marts-2025\/\"> <span class=\"screen-reader-text\">marts 2025<\/span> L\u00e6s mere &quot;<\/a><\/p>","protected":false},"author":1,"featured_media":0,"parent":0,"menu_order":0,"comment_status":"closed","ping_status":"closed","template":"","meta":{"site-sidebar-layout":"default","site-content-layout":"default","ast-main-header-display":"","ast-hfb-above-header-display":"","ast-hfb-below-header-display":"","ast-hfb-mobile-header-display":"","site-post-title":"","ast-breadcrumbs-content":"","ast-featured-img":"","footer-sml-layout":"","theme-transparent-header-meta":"default","adv-header-id-meta":"","stick-header-meta":"","header-above-stick-meta":"","header-main-stick-meta":"","header-below-stick-meta":"","footnotes":""},"class_list":["post-6668","page","type-page","status-publish","hentry"],"_links":{"self":[{"href":"https:\/\/xn--arbetsdagarperr-ulb.se\/da\/wp-json\/wp\/v2\/pages\/6668","targetHints":{"allow":["GET"]}}],"collection":[{"href":"https:\/\/xn--arbetsdagarperr-ulb.se\/da\/wp-json\/wp\/v2\/pages"}],"about":[{"href":"https:\/\/xn--arbetsdagarperr-ulb.se\/da\/wp-json\/wp\/v2\/types\/page"}],"author":[{"embeddable":true,"href":"https:\/\/xn--arbetsdagarperr-ulb.se\/da\/wp-json\/wp\/v2\/users\/1"}],"replies":[{"embeddable":true,"href":"https:\/\/xn--arbetsdagarperr-ulb.se\/da\/wp-json\/wp\/v2\/comments?post=6668"}],"version-history":[{"count":6,"href":"https:\/\/xn--arbetsdagarperr-ulb.se\/da\/wp-json\/wp\/v2\/pages\/6668\/revisions"}],"predecessor-version":[{"id":6754,"href":"https:\/\/xn--arbetsdagarperr-ulb.se\/da\/wp-json\/wp\/v2\/pages\/6668\/revisions\/6754"}],"wp:attachment":[{"href":"https:\/\/xn--arbetsdagarperr-ulb.se\/da\/wp-json\/wp\/v2\/media?parent=6668"}],"curies":[{"name":"wp","href":"https:\/\/api.w.org\/{rel}","templated":true}]}}