{"id":6661,"date":"2025-01-23T11:23:59","date_gmt":"2025-01-23T10:23:59","guid":{"rendered":"https:\/\/xn--arbetsdagarperr-ulb.se\/?page_id=6661"},"modified":"2025-01-25T11:33:24","modified_gmt":"2025-01-25T10:33:24","slug":"februari-2025","status":"publish","type":"page","link":"https:\/\/xn--arbetsdagarperr-ulb.se\/da\/februar-2025\/","title":{"rendered":"februar 2025"},"content":{"rendered":"<h1><strong>Arbejdstid og strategi for februar 2025<\/strong><\/h1>\n<p>I februar 2025 har du i alt <strong>20 arbejdsdage<\/strong> <strong>(160 arbejdstimer)<\/strong>\u00a0hele m\u00e5neden ud fra en arbejdsdag p\u00e5 8 timer og under hensyntagen til weekender. Februar har ingen r\u00f8de dage.<\/p>\n<h3>Arbejdstid om ugen:<\/h3>\n<ul>\n<li><strong>Uge 6:<\/strong> 5 dage (40 timer)<\/li>\n<li><strong>Uge 7:<\/strong> 5 dage (40 timer)<\/li>\n<li><strong>Uge 8:<\/strong> 5 dage (40 timer)<\/li>\n<li><strong>Uge 9:<\/strong> 5 dage (40 timer)<\/li>\n<\/ul>\n<p>Februar 2025 har ingen r\u00f8de dage at bruge til at maksimere orloven. Men lad det ikke forhindre dig i at holde 3 dages fri ved at bruge feriedage:<\/p>\n<h4><strong>R\u00f8de dage og weekender i februar 2025:<\/strong><\/h4>\n<ul>\n<li><strong>Uge 7:<\/strong><br \/>\nTag fri fredag den 14. februar (valentinsdag) for at skabe en lang weekend fra fredag til s\u00f8ndag. Dette giver dig 3 sammenh\u00e6ngende fridage i kun 1 feriedag.<\/li>\n<li><strong>Uge 9:<\/strong><br \/>\nKombiner fredag den 28. februar med ferie. Holder du denne dag fri, f\u00e5r du en lang weekend fra fredag til s\u00f8ndag. Effekt: Yderligere 3 sammenh\u00e6ngende fridage i 1 feriedag.<\/li>\n<\/ul>\n<h4>Oversigt:<\/h4>\n<p>Ved at bruge i alt 2 feriedage i februar 2025 (14. og 28. februar) kan du nyde to lange weekender i l\u00f8bet af m\u00e5neden og samtidig beholde en stor del af dine feriedage til fremtidig orlov.<\/p>","protected":false},"excerpt":{"rendered":"<p>Arbetstimmar och strategi f\u00f6r februari 2025 I februari 2025 har man totalt 20 arbetsdagar (160 arbetstimmar)\u00a0under hela m\u00e5naden, baserat p\u00e5 en arbetsdag p\u00e5 8 timmar och med h\u00e4nsyn till helger. Februari har inga r\u00f6da dagar. Arbetstimmar per vecka: Vecka 6: 5 dagar (40 timmar) Vecka 7: 5 dagar (40 timmar) Vecka 8: 5 dagar (40 &hellip;<\/p>\n<p class=\"read-more\"> <a class=\"\" href=\"https:\/\/xn--arbetsdagarperr-ulb.se\/da\/februar-2025\/\"> <span class=\"screen-reader-text\">februar 2025<\/span> L\u00e6s mere &quot;<\/a><\/p>","protected":false},"author":1,"featured_media":0,"parent":0,"menu_order":0,"comment_status":"closed","ping_status":"closed","template":"","meta":{"site-sidebar-layout":"default","site-content-layout":"default","ast-main-header-display":"","ast-hfb-above-header-display":"","ast-hfb-below-header-display":"","ast-hfb-mobile-header-display":"","site-post-title":"","ast-breadcrumbs-content":"","ast-featured-img":"","footer-sml-layout":"","theme-transparent-header-meta":"default","adv-header-id-meta":"","stick-header-meta":"","header-above-stick-meta":"","header-main-stick-meta":"","header-below-stick-meta":"","footnotes":""},"class_list":["post-6661","page","type-page","status-publish","hentry"],"_links":{"self":[{"href":"https:\/\/xn--arbetsdagarperr-ulb.se\/da\/wp-json\/wp\/v2\/pages\/6661","targetHints":{"allow":["GET"]}}],"collection":[{"href":"https:\/\/xn--arbetsdagarperr-ulb.se\/da\/wp-json\/wp\/v2\/pages"}],"about":[{"href":"https:\/\/xn--arbetsdagarperr-ulb.se\/da\/wp-json\/wp\/v2\/types\/page"}],"author":[{"embeddable":true,"href":"https:\/\/xn--arbetsdagarperr-ulb.se\/da\/wp-json\/wp\/v2\/users\/1"}],"replies":[{"embeddable":true,"href":"https:\/\/xn--arbetsdagarperr-ulb.se\/da\/wp-json\/wp\/v2\/comments?post=6661"}],"version-history":[{"count":9,"href":"https:\/\/xn--arbetsdagarperr-ulb.se\/da\/wp-json\/wp\/v2\/pages\/6661\/revisions"}],"predecessor-version":[{"id":6753,"href":"https:\/\/xn--arbetsdagarperr-ulb.se\/da\/wp-json\/wp\/v2\/pages\/6661\/revisions\/6753"}],"wp:attachment":[{"href":"https:\/\/xn--arbetsdagarperr-ulb.se\/da\/wp-json\/wp\/v2\/media?parent=6661"}],"curies":[{"name":"wp","href":"https:\/\/api.w.org\/{rel}","templated":true}]}}