{"id":6644,"date":"2025-01-23T10:35:35","date_gmt":"2025-01-23T09:35:35","guid":{"rendered":"https:\/\/xn--arbetsdagarperr-ulb.se\/?page_id=6644"},"modified":"2025-01-25T11:22:34","modified_gmt":"2025-01-25T10:22:34","slug":"januari-2025","status":"publish","type":"page","link":"https:\/\/xn--arbetsdagarperr-ulb.se\/da\/januar-2025\/","title":{"rendered":"januar \u2013 2025"},"content":{"rendered":"<h1><strong>Arbejdstid og strategi for januar 2025<\/strong><\/h1>\n<p>I januar 2025 har du i alt <strong>168 arbejdstimer<\/strong> hele m\u00e5neden ud fra en arbejdsdag p\u00e5 8 timer og under hensyntagen til helligdage og weekender.<\/p>\n<p><strong>Arbejdstid om ugen:<\/strong><\/p>\n<ul>\n<li>Uge 1: 2 dage (16 timer) (da nyt\u00e5rsdag er en r\u00f8d dag)<\/li>\n<li>Uge 2: 3 dage (32 timer) (trettende dag i julen er en r\u00f8d dag)<\/li>\n<li>Uge 3: 5 dage (40 timer)<\/li>\n<li>Uge 4: 5 dage (40 timer)<\/li>\n<li>Uge 5: 5 dage (40 timer)<\/li>\n<\/ul>\n<p>For at maksimere orloven i januar 2025 med s\u00e5 f\u00e5 feriedage som muligt, mens du stadig f\u00e5r lange weekender, kan du bruge f\u00f8lgende strategi:<\/p>\n<p>&nbsp;<\/p>\n<ul>\n<li><strong>Uge 1<\/strong>:0 timer (1. januar, onsdag) \u2013 R\u00f8d dag.<br \/>\nHold fri 2. og 3. januar (torsdag og fredag) Effekt: Du f\u00e5r lang orlov fra onsdag 1. januar til s\u00f8ndag 5. januar, dvs. 5 sammenh\u00e6ngende fridage i 2 feriedage.<\/li>\n<li><strong>Uge 2<\/strong>: 0 timer (6. januar, mandag) \u2013 R\u00f8d dag.<br \/>\nHold fri 7-10 januar (tirsdag til fredag). Effekt: Medregner du juleaftensdag (6. januar mandag), f\u00e5r du fri fra l\u00f8rdag 4. januar til s\u00f8ndag 12. januar, dvs. 9 sammenh\u00e6ngende fridage i 4 feriedage.<\/li>\n<li><strong>Uge 3<\/strong>: 40 timer<\/li>\n<li><strong>Uge 4<\/strong>: 40 timer<\/li>\n<li><strong>Uge 5<\/strong>: 40 timer<\/li>\n<\/ul>\n<p>&nbsp;<\/p>\n<h6><strong>R\u00f8de dage og weekender i januar 2025:<\/strong><\/h6>\n<ul>\n<li><strong>Nyt\u00e5rsdag <\/strong>(1. januar, onsdag) \u2013 R\u00f8d dag.<\/li>\n<li><strong>\u00c5benbaring <\/strong>(6. januar, mandag) \u2013 R\u00f8d dag.<\/li>\n<\/ul>\n<ol>\n<li style=\"list-style-type: none;\"><\/li>\n<\/ol>\n<p><strong>Oversigt:<\/strong><\/p>\n<p>For at f\u00e5 s\u00e5 mange sammenh\u00e6ngende fridage som muligt i januar 2025 og samtidig bruge s\u00e5 f\u00e5 feriedage som muligt, kan du bruge f\u00f8lgende strategi. Tidligt i uge 1, 2. og 3. januar (torsdag og fredag). Ved at inkludere nyt\u00e5rsdag (1. januar, onsdag) f\u00e5r du en lang ferie fra onsdag 1. januar til s\u00f8ndag 5. januar, hvilket giver dig 5 sammenh\u00e6ngende fridage i kun 2 feriedage. Tag fri uge 2 7.-10. januar (tirsdag til fredag). Medregner du juledag (6. januar, mandag), f\u00e5r du en lang ferie fra l\u00f8rdag den 4. januar til s\u00f8ndag den 12. januar, hvilket giver dig 9 sammenh\u00e6ngende fridage i 4 feriedage.<\/p>\n<p>&nbsp;<\/p>","protected":false},"excerpt":{"rendered":"<p>Arbetstimmar och strategi f\u00f6r januari 2025 I januari 2025 har man totalt 168 arbetstimmar under hela m\u00e5naden, baserat p\u00e5 en arbetsdag p\u00e5 8 timmar och med h\u00e4nsyn till r\u00f6da dagar och helger. Arbetstimmar per vecka: Vecka 1: 2 dagar (16 timmar) (eftersom ny\u00e5rsdagen \u00e4r en r\u00f6d dag) Vecka 2: 3 dagar (32 timmar) (Trettondedag jul &hellip;<\/p>\n<p class=\"read-more\"> <a class=\"\" href=\"https:\/\/xn--arbetsdagarperr-ulb.se\/da\/januar-2025\/\"> <span class=\"screen-reader-text\">januar \u2013 2025<\/span> L\u00e6s mere &quot;<\/a><\/p>","protected":false},"author":1,"featured_media":0,"parent":0,"menu_order":0,"comment_status":"closed","ping_status":"closed","template":"","meta":{"site-sidebar-layout":"default","site-content-layout":"default","ast-main-header-display":"","ast-hfb-above-header-display":"","ast-hfb-below-header-display":"","ast-hfb-mobile-header-display":"","site-post-title":"","ast-breadcrumbs-content":"","ast-featured-img":"","footer-sml-layout":"","theme-transparent-header-meta":"default","adv-header-id-meta":"","stick-header-meta":"","header-above-stick-meta":"","header-main-stick-meta":"","header-below-stick-meta":"","footnotes":""},"class_list":["post-6644","page","type-page","status-publish","hentry"],"_links":{"self":[{"href":"https:\/\/xn--arbetsdagarperr-ulb.se\/da\/wp-json\/wp\/v2\/pages\/6644","targetHints":{"allow":["GET"]}}],"collection":[{"href":"https:\/\/xn--arbetsdagarperr-ulb.se\/da\/wp-json\/wp\/v2\/pages"}],"about":[{"href":"https:\/\/xn--arbetsdagarperr-ulb.se\/da\/wp-json\/wp\/v2\/types\/page"}],"author":[{"embeddable":true,"href":"https:\/\/xn--arbetsdagarperr-ulb.se\/da\/wp-json\/wp\/v2\/users\/1"}],"replies":[{"embeddable":true,"href":"https:\/\/xn--arbetsdagarperr-ulb.se\/da\/wp-json\/wp\/v2\/comments?post=6644"}],"version-history":[{"count":15,"href":"https:\/\/xn--arbetsdagarperr-ulb.se\/da\/wp-json\/wp\/v2\/pages\/6644\/revisions"}],"predecessor-version":[{"id":6746,"href":"https:\/\/xn--arbetsdagarperr-ulb.se\/da\/wp-json\/wp\/v2\/pages\/6644\/revisions\/6746"}],"wp:attachment":[{"href":"https:\/\/xn--arbetsdagarperr-ulb.se\/da\/wp-json\/wp\/v2\/media?parent=6644"}],"curies":[{"name":"wp","href":"https:\/\/api.w.org\/{rel}","templated":true}]}}