{"id":3,"date":"2021-03-24T12:34:54","date_gmt":"2021-03-24T11:34:54","guid":{"rendered":"https:\/\/xn--arbetsdagarperr-ulb.se\/?page_id=3"},"modified":"2023-07-13T13:30:59","modified_gmt":"2023-07-13T11:30:59","slug":"privacy-policy","status":"publish","type":"page","link":"https:\/\/xn--arbetsdagarperr-ulb.se\/da\/fortrolighedspolitik\/","title":{"rendered":"Fortrolighedspolitik"},"content":{"rendered":"<pre class=\"wp-block-heading\">(i <strong>engelsk<\/strong> l\u00e6ngere nede p\u00e5 denne side)<\/pre>\r\n<h2 class=\"wp-block-heading\">Hvem vi er<\/h2>\r\n<p>Vores hjemmesideadresse er: <a href=\"https:\/\/xn--arbetsdagarperr-ulb.se\/da\/\" target=\"_new\" rel=\"noopener\">https:\/\/xn--arbetsdagarperr-ulb.se<\/a> (arbetsdagarper\u00e5r.se)<\/p>\r\n<h2>Kommentarer<\/h2>\r\n<p>N\u00e5r bes\u00f8gende skriver kommentarer p\u00e5 hjemmesiden, indsamler vi de data, der vises i kommentarformularen, samt den bes\u00f8gendes IP-adresse og browseroplysninger for at hj\u00e6lpe med at opdage spam.<\/p>\r\n<p>En anonymiseret streng oprettet fra din e-mailadresse (ogs\u00e5 kaldet en hash) kan sendes til Gravatar-tjenesten for at se, om du bruger den. Gravatar-tjenestens privatlivspolitik kan findes her: <a href=\"https:\/\/automattic.com\/privacy\/\" target=\"_new\" rel=\"noopener\">https:\/\/automattic.com\/privacy\/<\/a>. Efter godkendelse af din kommentar er dit profilbillede synligt for offentligheden i forbindelse med din kommentar.<\/p>\r\n<h2>Medier<\/h2>\r\n<p>Hvis du uploader billeder til webstedet, skal du undg\u00e5 at uploade billeder med indlejrede lokationsdata (EXIF GPS) inkluderet. Bes\u00f8gende p\u00e5 webstedet kan downloade og udtr\u00e6kke alle placeringsdata fra billeder p\u00e5 webstedet.<\/p>\r\n<h2>Cookies<\/h2>\r\n<p>Hvis du efterlader en kommentar p\u00e5 vores hjemmeside, kan du v\u00e6lge at gemme dit navn, din e-mailadresse og din hjemmeside i cookies. Disse er for din bekvemmelighed, s\u00e5 du ikke beh\u00f8ver at indtaste dine oplysninger igen, n\u00e5r du l\u00e6gger en anden kommentar. Disse cookies holder i et \u00e5r.<\/p>\r\n<p>Hvis du bes\u00f8ger vores login-side, s\u00e6tter vi en midlertidig cookie for at afg\u00f8re, om din browser accepterer cookies. Denne cookie indeholder ingen personlige oplysninger og kasseres, n\u00e5r du lukker din browser.<\/p>\r\n<p>N\u00e5r du logger ind, s\u00e6tter vi ogs\u00e5 flere cookies for at gemme dine loginoplysninger og dine sk\u00e6rmvisningsvalg. Login-cookies varer i to dage, og sk\u00e6rmvalgscookies varer i et \u00e5r. Hvis du v\u00e6lger &quot;Husk mig&quot;, forbliver dit login i to uger. Hvis du logger ud af din konto, slettes login-cookies.<\/p>\r\n<p>Hvis du redigerer eller udgiver en artikel, gemmes en ekstra cookie i din browser. Denne cookie indeholder ingen personlige data og angiver kun ID&#039;et for den artikel, du lige har redigeret. Den udl\u00f8ber efter 1 dag.<\/p>\r\n<h2>Indlejret indhold fra andre websteder<\/h2>\r\n<p>Artikler p\u00e5 denne hjemmeside kan indeholde indlejret indhold (f.eks. videoer, billeder, artikler osv.). Indlejret indhold fra andre hjemmesider opf\u00f8rer sig n\u00f8jagtigt det samme, som hvis den bes\u00f8gende har bes\u00f8gt den anden hjemmeside.<\/p>\r\n<p>Disse websteder kan indsamle data om dig, bruge cookies, indlejre yderligere tredjepartssporing og overv\u00e5ge din interaktion med det indlejrede indhold, herunder sporing af din interaktion med det indlejrede indhold, hvis du har en konto og er logget ind p\u00e5 det p\u00e5g\u00e6ldende websted.<\/p>\r\n<h2>Hvem deler vi dine data med<\/h2>\r\n<p>Hvis du anmoder om en nulstilling af adgangskoden, vil din IP-adresse blive inkluderet i nulstillings-e-mailen.<\/p>\r\n<h2>Hvor l\u00e6nge opbevarer vi dine data<\/h2>\r\n<p>Hvis du l\u00e6gger en kommentar, bevares kommentaren og dens metadata p\u00e5 ubestemt tid. Dette er s\u00e5 vi kan genkende og godkende eventuelle opf\u00f8lgende kommentarer automatisk i stedet for at holde dem i en moderationsk\u00f8.<\/p>\r\n<p>For brugere, der registrerer sig p\u00e5 vores hjemmeside (hvis nogen), gemmer vi ogs\u00e5 de personlige oplysninger, de giver i deres brugerprofil. Alle brugere kan til enhver tid se, redigere eller slette deres personlige oplysninger (de kan dog ikke \u00e6ndre deres brugernavn). Webstedsadministratorer kan ogs\u00e5 se og redigere disse oplysninger.<\/p>\r\n<h2>Hvilke rettigheder du har over dine data<\/h2>\r\n<p>Hvis du har en konto p\u00e5 denne hjemmeside eller har efterladt kommentarer, kan du anmode om at modtage en eksporteret fil med de personlige data, vi har om dig, inklusive alle oplysninger, du har givet os. Du kan ogs\u00e5 anmode om, at vi sletter alle personoplysninger, vi har om dig. Dette inkluderer ikke data, som vi er forpligtet til at opbevare til administrative, juridiske eller sikkerhedsm\u00e6ssige form\u00e5l.<\/p>\r\n<h2>Hvor vi sender dine data<\/h2>\r\n<p>Bes\u00f8gendes kommentarer kan kontrolleres gennem en automatisk spam-detektionstjeneste.<\/p>\r\n<p><a href=\"https:\/\/policies.google.com\/technologies\/partner-sites\" target=\"_blank\" rel=\"nofollow noopener\" data-schema-attribute=\"\">Googles politikker<\/a><\/p>\r\n<h2>\u00a0<\/h2>\r\n<h1 class=\"wp-block-heading\">Fortrolighedspolitik<\/h1>\r\n<h1 class=\"wp-block-heading\"><br \/>Hvem vi er<\/h1>\r\n\r\n\r\n\r\n<p>Vores hjemmesideadresse er: https:\/\/xn--arbetsdagarperr-ulb.se (s\u00f6kinfo.se)<\/p>\r\n\r\n\r\n\r\n<h2 class=\"wp-block-heading\">Kommentarer<\/h2>\r\n\r\n\r\n\r\n<p>N\u00e5r bes\u00f8gende skriver kommentarer p\u00e5 webstedet, indsamler vi de data, der vises i kommentarformularen, og ogs\u00e5 den bes\u00f8gendes IP-adresse og browserens brugeragentstreng for at hj\u00e6lpe med at opdage spam.<\/p>\r\n\r\n\r\n\r\n<p>En anonymiseret streng, der er oprettet fra din e-mailadresse (ogs\u00e5 kaldet en hash), kan leveres til Gravatar-tjenesten for at se, om du bruger den. Gravatar-tjenestens privatlivspolitik er tilg\u00e6ngelig her: https:\/\/automattic.com\/privacy\/. Efter godkendelse af din kommentar er dit profilbillede synligt for offentligheden i forbindelse med din kommentar.<\/p>\r\n\r\n\r\n\r\n<h2 class=\"wp-block-heading\">Medier<\/h2>\r\n\r\n\r\n\r\n<p>Hvis du uploader billeder til hjemmesiden, b\u00f8r du undg\u00e5 at uploade billeder med indlejrede lokationsdata (EXIF GPS) inkluderet. Bes\u00f8gende p\u00e5 webstedet kan downloade og udtr\u00e6kke alle placeringsdata fra billeder p\u00e5 webstedet.<\/p>\r\n\r\n\r\n\r\n<h2 class=\"wp-block-heading\">Cookies<\/h2>\r\n\r\n\r\n\r\n<p>Hvis du efterlader en kommentar p\u00e5 vores side, kan du tilmelde dig at gemme dit navn, din e-mailadresse og din hjemmeside i cookies. Disse er for din bekvemmelighed, s\u00e5 du ikke beh\u00f8ver at udfylde dine oplysninger igen, n\u00e5r du l\u00e6gger en anden kommentar. Disse cookies holder i et \u00e5r.<\/p>\r\n\r\n\r\n\r\n<p>Hvis du bes\u00f8ger vores login-side, s\u00e6tter vi en midlertidig cookie for at afg\u00f8re, om din browser accepterer cookies. Denne cookie indeholder ingen personlige data og kasseres, n\u00e5r du lukker din browser.<\/p>\r\n\r\n\r\n\r\n<p>N\u00e5r du logger ind, ops\u00e6tter vi ogs\u00e5 flere cookies for at gemme dine loginoplysninger og dine sk\u00e6rmvisningsvalg. Login-cookies varer i to dage, og sk\u00e6rmindstillinger-cookies varer i et \u00e5r. Hvis du v\u00e6lger &quot;Husk mig&quot;, vil dit login vare i to uger. Hvis du logger ud af din konto, vil login-cookies blive fjernet.<\/p>\r\n\r\n\r\n\r\n<p>Hvis du redigerer eller udgiver en artikel, gemmes en ekstra cookie i din browser. Denne cookie indeholder ingen personlige data og angiver blot post-id&#039;et for den artikel, du lige har redigeret. Den udl\u00f8ber efter 1 dag.<\/p>\r\n\r\n\r\n\r\n<h2 class=\"wp-block-heading\">Indlejret indhold fra andre websteder<\/h2>\r\n\r\n\r\n\r\n<p>Artikler p\u00e5 dette websted kan indeholde indlejret indhold (f.eks. videoer, billeder, artikler osv.). Indlejret indhold fra andre hjemmesider opf\u00f8rer sig p\u00e5 n\u00f8jagtig samme m\u00e5de, som hvis den bes\u00f8gende har bes\u00f8gt den anden hjemmeside.<\/p>\r\n\r\n\r\n\r\n<p>Disse websteder kan indsamle data om dig, bruge cookies, integrere yderligere tredjepartssporing og overv\u00e5ge din interaktion med det indlejrede indhold, herunder sporing af din interaktion med det indlejrede indhold, hvis du har en konto og er logget ind p\u00e5 det p\u00e5g\u00e6ldende websted.<\/p>\r\n\r\n\r\n\r\n<h2 class=\"wp-block-heading\">Hvem deler vi dine data med<\/h2>\r\n\r\n\r\n\r\n<p>Hvis du anmoder om en nulstilling af adgangskoden, vil din IP-adresse blive inkluderet i nulstillings-e-mailen.<\/p>\r\n\r\n\r\n\r\n<h2 class=\"wp-block-heading\">Hvor l\u00e6nge vi opbevarer dine data<\/h2>\r\n\r\n\r\n\r\n<p>Hvis du l\u00e6gger en kommentar, bevares kommentaren og dens metadata p\u00e5 ubestemt tid. Dette er s\u00e5 vi kan genkende og godkende eventuelle opf\u00f8lgende kommentarer automatisk i stedet for at holde dem i en moderationsk\u00f8.<\/p>\r\n\r\n\r\n\r\n<p>For brugere, der registrerer sig p\u00e5 vores hjemmeside (hvis nogen), gemmer vi ogs\u00e5 de personlige oplysninger, de giver i deres brugerprofil. Alle brugere kan til enhver tid se, redigere eller slette deres personlige oplysninger (undtagen at de ikke kan \u00e6ndre deres brugernavn). Webstedsadministratorer kan ogs\u00e5 se og redigere disse oplysninger.<\/p>\r\n\r\n\r\n\r\n<h2 class=\"wp-block-heading\">Hvilke rettigheder du har over dine data<\/h2>\r\n\r\n\r\n\r\n<p>Hvis du har en konto p\u00e5 dette websted eller har efterladt kommentarer, kan du anmode om at modtage en eksporteret fil med de personlige data, vi har om dig, inklusive alle data, du har givet os. Du kan ogs\u00e5 anmode om, at vi sletter alle personlige data, vi har om dig. Dette inkluderer ikke nogen data, vi er forpligtet til at opbevare til administrative, juridiske eller sikkerhedsm\u00e6ssige form\u00e5l.<\/p>\r\n\r\n\r\n\r\n<h2 class=\"wp-block-heading\">Hvor vi sender dine data<\/h2>\r\n\r\n\r\n\r\n<p>Bes\u00f8gendes kommentarer kan kontrolleres gennem en automatisk spam-detektionstjeneste.<\/p>\r\n<p><a href=\"https:\/\/policies.google.com\/technologies\/partner-sites\" target=\"_blank\" rel=\"nofollow noopener\" data-schema-attribute=\"\">Googles politikker<\/a><\/p>","protected":false},"excerpt":{"rendered":"<p>(p\u00e5 engelsk nederst p\u00e5 denne side) Hvem er vi Vores hjemmesideadresse er: https:\/\/xn--arbetsdagarperr-ulb.se (arbetsdagarper\u00e5r.se) Kommentarer N\u00e5r bes\u00f8gende skriver kommentarer p\u00e5 hjemmesiden, indsamler vi de data, der vises i kommentarer. formular, samt den bes\u00f8gendes IP-adresse og browseroplysninger for at hj\u00e6lpe med at opdage spam. En anonymiseret streng oprettet fra din e-mailadresse (aka...<\/p>\n<p class=\"read-more\"> <a class=\"\" href=\"https:\/\/xn--arbetsdagarperr-ulb.se\/da\/fortrolighedspolitik\/\"> <span class=\"screen-reader-text\">Fortrolighedspolitik<\/span> L\u00e6s mere &quot;<\/a><\/p>","protected":false},"author":1,"featured_media":0,"parent":0,"menu_order":0,"comment_status":"closed","ping_status":"closed","template":"","meta":{"site-sidebar-layout":"default","site-content-layout":"default","ast-main-header-display":"","ast-hfb-above-header-display":"","ast-hfb-below-header-display":"","ast-hfb-mobile-header-display":"","site-post-title":"","ast-breadcrumbs-content":"","ast-featured-img":"","footer-sml-layout":"","theme-transparent-header-meta":"default","adv-header-id-meta":"","stick-header-meta":"","header-above-stick-meta":"","header-main-stick-meta":"","header-below-stick-meta":"","footnotes":""},"class_list":["post-3","page","type-page","status-publish","hentry"],"_links":{"self":[{"href":"https:\/\/xn--arbetsdagarperr-ulb.se\/da\/wp-json\/wp\/v2\/pages\/3","targetHints":{"allow":["GET"]}}],"collection":[{"href":"https:\/\/xn--arbetsdagarperr-ulb.se\/da\/wp-json\/wp\/v2\/pages"}],"about":[{"href":"https:\/\/xn--arbetsdagarperr-ulb.se\/da\/wp-json\/wp\/v2\/types\/page"}],"author":[{"embeddable":true,"href":"https:\/\/xn--arbetsdagarperr-ulb.se\/da\/wp-json\/wp\/v2\/users\/1"}],"replies":[{"embeddable":true,"href":"https:\/\/xn--arbetsdagarperr-ulb.se\/da\/wp-json\/wp\/v2\/comments?post=3"}],"version-history":[{"count":4,"href":"https:\/\/xn--arbetsdagarperr-ulb.se\/da\/wp-json\/wp\/v2\/pages\/3\/revisions"}],"predecessor-version":[{"id":6620,"href":"https:\/\/xn--arbetsdagarperr-ulb.se\/da\/wp-json\/wp\/v2\/pages\/3\/revisions\/6620"}],"wp:attachment":[{"href":"https:\/\/xn--arbetsdagarperr-ulb.se\/da\/wp-json\/wp\/v2\/media?parent=3"}],"curies":[{"name":"wp","href":"https:\/\/api.w.org\/{rel}","templated":true}]}}