{"id":172,"date":"2010-04-11T21:23:23","date_gmt":"2010-04-11T19:23:23","guid":{"rendered":"https:\/\/xn--arbetsdagarperr-ulb.se\/?page_id=172"},"modified":"2023-01-12T14:28:57","modified_gmt":"2023-01-12T13:28:57","slug":"arbetsdagar-per-ar-2023","status":"publish","type":"page","link":"https:\/\/xn--arbetsdagarperr-ulb.se\/da\/arbejdsdage-pr-ar-2023\/","title":{"rendered":"Arbejdsdage om \u00e5ret 2023"},"content":{"rendered":"<p style=\"text-align: center;\"><img loading=\"lazy\" decoding=\"async\" class=\"alignnone size-full wp-image-30\" src=\"https:\/\/xn--arbetsdagarperr-ulb.se\/wp-content\/uploads\/2021\/03\/arbetstimmar-per-manad.jpg\" alt=\"Arbejdstid om m\u00e5neden\" width=\"244\" height=\"206\" srcset=\"https:\/\/xn--arbetsdagarperr-ulb.se\/wp-content\/uploads\/2021\/03\/arbetstimmar-per-manad.jpg 244w, https:\/\/xn--arbetsdagarperr-ulb.se\/wp-content\/uploads\/2021\/03\/arbetstimmar-per-manad-14x12.jpg 14w, https:\/\/xn--arbetsdagarperr-ulb.se\/wp-content\/uploads\/2021\/03\/arbetstimmar-per-manad-127x107.jpg 127w\" sizes=\"auto, (max-width: 244px) 100vw, 244px\" \/><\/p>\r\n<p>&nbsp;<\/p>\r\n<h3 id=\"2022\" class=\"has-text-align-center wp-block-heading\" style=\"text-align: center;\">Arbejdsdage om \u00e5ret 2023<\/h3>\r\n<p>Generelt er det s\u00e5dan, at n\u00e5r man taler om antallet af arbejdstimer om m\u00e5neden, plejer man at sige 160, eller hvis man taler om antallet af arbejdsdage om \u00e5ret i 2023, plejer man at sige 250, hvilket ofte ikke er helt rigtigt. I \u00e5r (2023) er der for eksempel mellem 152 og 184 arbejdstimer med et gennemsnit p\u00e5 169 timer om m\u00e5neden eller 253 arbejdsdage (112 fridage!). Her i nedenst\u00e5ende tabel kan du se pr\u00e6cis hvor mange arbejdsdage, arbejdstimer, antal l\u00f8rdage og s\u00f8ndage samt \u00f8vrige fridage, for eksempel r\u00f8de dage, sankthansaften, juleaftensdag og nyt\u00e5rsaften. I de tilf\u00e6lde, hvor en r\u00f8d dag falder sammen med en l\u00f8rdag eller s\u00f8ndag, t\u00e6lles den i L\u00f8r &amp; S\u00f8n kolonnen. Vi forventer desuden en arbejdsdag p\u00e5 otte timer. Hvilke dage i Sverige, der t\u00e6ller som helligdage, reguleres i det f\u00f8lgende <a href=\"https:\/\/www.riksdagen.se\/sv\/dokument-lagar\/dokument\/svensk-forfattningssamling\/lag-1989253-om-allmanna-helgdagar_sfs-1989-253\" target=\"_blank\" rel=\"nofollow noopener\" data-schema-attribute=\"\">Lag (1989: 253)<\/a> &quot;Helligdagsloven&quot;. De fleste har fri p\u00e5 f\u00f8lgende helligdage, selvom de falder sammen med en normal hverdag:<\/p>\r\n<ul>\r\n<li><a href=\"https:\/\/xn--arbetsdagarperr-ulb.se\/da\/rode-dage\/nytarsaften\/\">Nyt\u00e5rsaften<\/a><\/li>\r\n<li><a href=\"https:\/\/xn--arbetsdagarperr-ulb.se\/da\/rode-dage\/juleaften\/\">juleaften<\/a><\/li>\r\n<li><a href=\"https:\/\/xn--arbetsdagarperr-ulb.se\/da\/rode-dage\/paske-og-pinsedag\/\">p\u00e5skedag og pinsedag<\/a><\/li>\r\n<li><a href=\"https:\/\/xn--arbetsdagarperr-ulb.se\/da\/rode-dage\/nytarsdag-og-tretten-dag-jul\/\">nyt\u00e5rsdag og trettende juledag<\/a><\/li>\r\n<li><a href=\"https:\/\/xn--arbetsdagarperr-ulb.se\/da\/rode-dage\/forsta-maj\/\">1. maj<\/a><\/li>\r\n<li><a href=\"https:\/\/xn--arbetsdagarperr-ulb.se\/da\/rode-dage\/jule-dag-og-anden-dag-jul\/\">juledag og juleaftensdag<\/a><\/li>\r\n<li><a href=\"https:\/\/xn--arbetsdagarperr-ulb.se\/da\/rode-dage\/langfredag-og-mandag-paske\/\">Langfredag og p\u00e5skedag<\/a><\/li>\r\n<li><a href=\"https:\/\/xn--arbetsdagarperr-ulb.se\/da\/rode-dage\/kristi-himmelfartsdag\/\">Kristi Himmelfartsdag<\/a><\/li>\r\n<li><a href=\"https:\/\/xn--arbetsdagarperr-ulb.se\/da\/rode-dage\/sveriges-nationaldag\/\">Sveriges nationaldag<\/a><\/li>\r\n<li><a href=\"https:\/\/xn--arbetsdagarperr-ulb.se\/da\/rode-dage\/midsommerdag\/\">Midsommerdag<\/a><\/li>\r\n<li><a href=\"https:\/\/xn--arbetsdagarperr-ulb.se\/da\/rode-dage\/allehelgensdag\/\">Allehelgensdag<\/a><\/li>\r\n<li><a href=\"https:\/\/xn--arbetsdagarperr-ulb.se\/da\/rode-dage\/midsommeraften\/\">Midsommeraften<\/a><\/li>\r\n<\/ul>\r\n<p>Tjek gerne vores kalender ud her til h\u00f8jre, som indeholder informationer som f.eks navnedage og lidt historie om, hvad der skete p\u00e5 netop den dag.<\/p>\r\n\r\n\r\n\n<table id=\"tablepress-5\" class=\"tablepress tablepress-id-5 tablepress-responsive\">\n<thead>\n<tr class=\"row-1\">\n\t<th class=\"column-1\">M\u00e5ned<\/th><th class=\"column-2\">Arbejdsdage<\/th><th class=\"column-3\">Arbejdstimer<\/th><th class=\"column-4\">L\u00f8r &amp; S\u00f8n.<\/th><th class=\"column-5\">Andre<\/th>\n<\/tr>\n<\/thead>\n<tbody class=\"row-striping row-hover\">\n<tr class=\"row-2\">\n\t<td class=\"column-1\">januar<\/td><td class=\"column-2\">22<\/td><td class=\"column-3\">176<\/td><td class=\"column-4\">9<\/td><td class=\"column-5\">1<\/td>\n<\/tr>\n<tr class=\"row-3\">\n\t<td class=\"column-1\">februar<\/td><td class=\"column-2\">20<\/td><td class=\"column-3\">160<\/td><td class=\"column-4\">8<\/td><td class=\"column-5\">0<\/td>\n<\/tr>\n<tr class=\"row-4\">\n\t<td class=\"column-1\">marts<\/td><td class=\"column-2\">23<\/td><td class=\"column-3\">184<\/td><td class=\"column-4\">8<\/td><td class=\"column-5\">0<\/td>\n<\/tr>\n<tr class=\"row-5\">\n\t<td class=\"column-1\">April<\/td><td class=\"column-2\">18<\/td><td class=\"column-3\">144<\/td><td class=\"column-4\">10<\/td><td class=\"column-5\">3<\/td>\n<\/tr>\n<tr class=\"row-6\">\n\t<td class=\"column-1\">Kan<\/td><td class=\"column-2\">21<\/td><td class=\"column-3\">168<\/td><td class=\"column-4\">8<\/td><td class=\"column-5\">2<\/td>\n<\/tr>\n<tr class=\"row-7\">\n\t<td class=\"column-1\">juni<\/td><td class=\"column-2\">20<\/td><td class=\"column-3\">160<\/td><td class=\"column-4\">8<\/td><td class=\"column-5\">2<\/td>\n<\/tr>\n<tr class=\"row-8\">\n\t<td class=\"column-1\">juli<\/td><td class=\"column-2\">21<\/td><td class=\"column-3\">168<\/td><td class=\"column-4\">10<\/td><td class=\"column-5\">0<\/td>\n<\/tr>\n<tr class=\"row-9\">\n\t<td class=\"column-1\">august<\/td><td class=\"column-2\">23<\/td><td class=\"column-3\">184<\/td><td class=\"column-4\">8<\/td><td class=\"column-5\">0<\/td>\n<\/tr>\n<tr class=\"row-10\">\n\t<td class=\"column-1\">september<\/td><td class=\"column-2\">21<\/td><td class=\"column-3\">168<\/td><td class=\"column-4\">9<\/td><td class=\"column-5\">0<\/td>\n<\/tr>\n<tr class=\"row-11\">\n\t<td class=\"column-1\">oktober<\/td><td class=\"column-2\">22<\/td><td class=\"column-3\">176<\/td><td class=\"column-4\">9<\/td><td class=\"column-5\">0<\/td>\n<\/tr>\n<tr class=\"row-12\">\n\t<td class=\"column-1\">november<\/td><td class=\"column-2\">22<\/td><td class=\"column-3\">176<\/td><td class=\"column-4\">8<\/td><td class=\"column-5\">0<\/td>\n<\/tr>\n<tr class=\"row-13\">\n\t<td class=\"column-1\">december<\/td><td class=\"column-2\">19<\/td><td class=\"column-3\">152<\/td><td class=\"column-4\">10<\/td><td class=\"column-5\">2<\/td>\n<\/tr>\n<tr class=\"row-14\">\n\t<td class=\"column-1\"><strong>Samlet \u00e5rlig arbejdstid<\/strong><\/td><td class=\"column-2\"><strong>252<\/strong><\/td><td class=\"column-3\"><strong>2016<\/strong><\/td><td class=\"column-4\"><strong>105<\/strong><\/td><td class=\"column-5\"><strong>10<\/strong><\/td>\n<\/tr>\n<\/tbody>\n<tfoot>\n<tr class=\"row-15\">\n\t<th class=\"column-1\">Gennemsnit \/ m\u00e5ned<\/th><th class=\"column-2\">21<\/th><th class=\"column-3\">168<\/th><th class=\"column-4\">8.75<\/th><th class=\"column-5\">0.83<\/th>\n<\/tr>\n<\/tfoot>\n<\/table>\n<!-- #tablepress-5 from cache -->\n<style>.wp-show-posts-columns#wpsp-213 {margin-left: -2em; }.wp-show-posts-columns#wpsp-213 .wp-show-posts-inner {margin: 0 0 2em 2em; }<\/style><section id=\"wpsp-213\" class=\"wp-show-posts\" style=\"\"><article class=\"wp-show-posts-single wpsp-clearfix post-159 post type-post status-publish format-standard hentry category-roda-dagar\" itemtype=\"http:\/\/schema.org\/CreativeWork\" itemscope><div class=\"wp-show-posts-inner\" style=\"\">\t\t\t\t\t\t<header class=\"wp-show-posts-entry-header\">\n\t\t\t\t\t\t\t<h2 class=\"wp-show-posts-entry-title\" itemprop=\"headline\"><a href=\"https:\/\/xn--arbetsdagarperr-ulb.se\/da\/rode-dage\/allehelgensdag\/\" rel=\"bookmark\">Allehelgensdag<\/a><\/h2>\t\t\t\t\t\t<\/header><!-- .entry-header -->\n\t\t\t\t\t\t\t\t\t\t\t<div class=\"wp-show-posts-entry-content\" itemprop=\"text\">\n\t\t\t\t\t\t\t<h2 style=\"text-align: center;\">Allehelgensdag<\/h2>\r\n<img loading=\"lazy\" decoding=\"async\" class=\"aligncenter size-full wp-image-160\" src=\"https:\/\/xn--arbetsdagarperr-ulb.se\/wp-content\/uploads\/2022\/04\/alla-helgons-dag.jpg\" alt=\"Allehelgensdag\" width=\"800\" height=\"531\" srcset=\"https:\/\/xn--arbetsdagarperr-ulb.se\/wp-content\/uploads\/2022\/04\/alla-helgons-dag.jpg 800w, https:\/\/xn--arbetsdagarperr-ulb.se\/wp-content\/uploads\/2022\/04\/alla-helgons-dag-300x199.jpg 300w, https:\/\/xn--arbetsdagarperr-ulb.se\/wp-content\/uploads\/2022\/04\/alla-helgons-dag-768x510.jpg 768w\" sizes=\"auto, (max-width: 800px) 100vw, 800px\" \/>\r\n\r\n<span style=\"font-weight: 400;\">Denne dag fejres altid om l\u00f8rdagen, som falder mellem den 31. oktober og den 6. november. Dagen efter er kirken dedikeret til at v\u00e6re opm\u00e6rksom p\u00e5 alle de hellige, en mindedag for de d\u00f8de. Det har l\u00e6nge v\u00e6ret en skik i kristendommen at v\u00e6re opm\u00e6rksom p\u00e5 helgener og martyrer p\u00e5 forskellige dage. Allehelgensdag er dagen, hvor alle de helgener, der ikke har f\u00e5et deres egen dag, mindes og huskes. Grunden til, at alle helgener og martyrer fejres, er for at styrke det \u00e5ndelige b\u00e5nd mellem de levende p\u00e5 jorden og de d\u00f8de, der er kommet til himlen. P\u00e5 den m\u00e5de styrkes billedet og troen p\u00e5, at der er liv efter d\u00f8den. P\u00e5 denne mindedag er det almindeligt at t\u00e6nde lys ved grave p\u00e5 kirkeg\u00e5rden. Allehelgensdag stammer oprindeligt fra kirken, men i moderne tid er det ogs\u00e5 almindeligt, at ikke-troende t\u00e6nder lys p\u00e5 kirkeg\u00e5rde for at mindes de k\u00e6re, der er g\u00e5et bort. Denne tradition begyndte i 1900 og blev f\u00f8rst bem\u00e6rket hovedsageligt i de store byer, og spredte sig derefter til hele landet. I de angelsaksiske lande fejres Halloween og &quot;alle helgens dag&quot;. Halloween kommer oprindeligt fra en keltisk festival, hvor folk t\u00e6ndte b\u00e5l og bar kostumer for at afv\u00e6rge sp\u00f8gelser. Halloween falder altid den 31. oktober, mens &quot;alle helgens dag&quot; falder den 1. november.\u00a0<\/span>\r\n\r\n<span style=\"font-weight: 400;\">Den vigtigste symbolik, der bruges under Allehelgensdag, er lyset. Hvert lys, der t\u00e6ndes, er et symbol p\u00e5 livet, der skinner, kommer og g\u00e5r ud. I den s\u00e6son, hvor allehelgensdag fejres, er det m\u00f8rkt, hvorefter den symbolske effekt ved at t\u00e6nde lys bliver ekstra st\u00e6rk, n\u00e5r lysene st\u00e5r frem og er meget tydeligt synlige. Nogle gange indtr\u00e6ffer allehelgen samtidig med den angelsaksiske tradition med Halloween, hvorfor mange nok har sv\u00e6rt ved at skille de to ad. Halloween er noget, der ogs\u00e5 i h\u00f8j grad fejres i Sverige, n\u00e5r b\u00f8rn kl\u00e6der sig ud og g\u00e5r p\u00e5 &quot;uhygge eller slik&quot;.<\/span>\t\t\t\t\t\t<\/div><!-- .entry-content -->\n\t\t\t\t\t<div class=\"wpsp-read-more\"><a title=\"Allehelgensdag\" class=\"wp-show-posts-read-more\" href=\"https:\/\/xn--arbetsdagarperr-ulb.se\/da\/rode-dage\/allehelgensdag\/\">L\u00e6s mere her...<\/a><\/div><\/div><!-- wp-show-posts-inner --><div class=\"wpsp-clear\"><\/div><\/article><article class=\"wp-show-posts-single wpsp-clearfix post-152 post type-post status-publish format-standard hentry category-roda-dagar\" itemtype=\"http:\/\/schema.org\/CreativeWork\" itemscope><div class=\"wp-show-posts-inner\" style=\"\">\t\t\t\t\t\t<header class=\"wp-show-posts-entry-header\">\n\t\t\t\t\t\t\t<h2 class=\"wp-show-posts-entry-title\" itemprop=\"headline\"><a href=\"https:\/\/xn--arbetsdagarperr-ulb.se\/da\/rode-dage\/midsommerdag\/\" rel=\"bookmark\">Midsommerdag<\/a><\/h2>\t\t\t\t\t\t<\/header><!-- .entry-header -->\n\t\t\t\t\t\t\t\t\t\t\t<div class=\"wp-show-posts-entry-content\" itemprop=\"text\">\n\t\t\t\t\t\t\t<p><img loading=\"lazy\" decoding=\"async\" class=\"aligncenter size-full wp-image-153\" src=\"https:\/\/xn--arbetsdagarperr-ulb.se\/wp-content\/uploads\/2022\/04\/midsommar.jpg\" alt=\"Midsommer\" width=\"640\" height=\"364\" srcset=\"https:\/\/xn--arbetsdagarperr-ulb.se\/wp-content\/uploads\/2022\/04\/midsommar.jpg 640w, https:\/\/xn--arbetsdagarperr-ulb.se\/wp-content\/uploads\/2022\/04\/midsommar-300x171.jpg 300w\" sizes=\"auto, (max-width: 640px) 100vw, 640px\" \/><\/p>\n<h2 style=\"text-align: center;\"><b>Midsommerdag<\/b><\/h2>\n<p><span style=\"font-weight: 400;\">Sk\u00e6rsommerdag og sankthansaften falder mellem 20.-26. juni. Det kan argumenteres for, at denne h\u00f8jtid i dag er en af de vigtigste i Sverige, ved siden af julen. I mods\u00e6tning til julen fejres midsommer normalt med bekendte frem for kun familien. Venner og venners venner. Fejringen stammer fra Johannes D\u00f8berens f\u00f8dselsdag den 24. juni. Midsommerstangen eller majstangen er et af h\u00f8jtidens vigtigste symboler. Den blev brugt af diakoner (elever) i 1600-1700-tallet, som flyttede rundt i byer, landsbyer og sang\/tiggede. Man mener, at midsommerstangen kommer fra Tyskland. Ordet &quot;maypol&quot; stammer ikke fra maj m\u00e5ned, men af, at &quot;maypolen&quot; blev sk\u00e5ret over; s\u00e5ledes var den d\u00e6kket af blade. Midsommerstangens symbolik er ikke rigtigt bestemt. Nogle mener, det er et fallussymbol, mens nogle mener, det er en afbildning af det kristne kors. Rundt om baren danses og synges klassiske midsommersange som &quot;De sm\u00e5 fr\u00f8er&quot;. Historisk set er midsommernat forbundet med magi. Planter siges at have en vis magisk egenskab i l\u00f8bet af denne aften, hvorefter det er ekstra godt at samle l\u00e6geplanter denne aften. Ritualer i forbindelse med midsommer er blandt andet at l\u00e6gge syv slags blomster under puden, hvorefter du skal dr\u00f8mme om den du skal giftes med, eller at blomsternes magi bliver reddet efter du har lavet en krans. Den magiske mystik omkring midsommer menes at have noget at g\u00f8re med, at midsommernatten normalt er s\u00e6rlig lys og symboliserer begyndelsen af sommeren.\u00a0<\/span><\/p>\n<p><span style=\"font-weight: 400;\">Meget af den mad, der spises p\u00e5 andre helligdage, indtages ogs\u00e5 i l\u00f8bet af midsommeren. Der er dog meget mere frisk mad til r\u00e5dighed. Friske kartofler, jordb\u00e6r, krydderurter og fisk og meget mere. Noget der ogs\u00e5 h\u00f8rer til er lagret ost, sm\u00f8r, kn\u00e6kbr\u00f8d og til rette tid nubbe. En klassisk ret, der spises ved midsommerfesten, er sild, nye kartofler og creme fraiche. Midsommer er den h\u00f8jtid, hvor de fleste generelt samles det samme sted fra forskellige vennekredse, som alle er med for at deltage i en stor fest. Midsommerfejring i Sverige er ogs\u00e5 blevet et internationalt kendt f\u00e6nomen og er noget, som mange udenforst\u00e5ende i landet ikke mindst forbinder med Sverige men ogs\u00e5 rejser til Sverige for at opleve. <\/span><\/p>\n\t\t\t\t\t\t<\/div><!-- .entry-content -->\n\t\t\t\t\t<div class=\"wpsp-read-more\"><a title=\"Midsommerdag\" class=\"wp-show-posts-read-more\" href=\"https:\/\/xn--arbetsdagarperr-ulb.se\/da\/rode-dage\/midsommerdag\/\">L\u00e6s mere her...<\/a><\/div><\/div><!-- wp-show-posts-inner --><div class=\"wpsp-clear\"><\/div><\/article><\/section><!-- .wp-show-posts -->","protected":false},"excerpt":{"rendered":"<p>&nbsp; Arbejdsdage pr. \u00e5r 2023 Generelt, n\u00e5r man taler om antal arbejdstimer pr. m\u00e5ned, plejer man at sige 160, eller hvis man taler om antal arbejdsdage pr. \u00e5r 2023, plejer man at sige 250, hvilket ofte ikke er helt rigtigt. . I \u00e5r (2023) er der eksempelvis mellem 152 og 184 arbejdstimer med et gennemsnit...<\/p>\n<p class=\"read-more\"> <a class=\"\" href=\"https:\/\/xn--arbetsdagarperr-ulb.se\/da\/rode-dage\/midsommerdag\/\"> <span class=\"screen-reader-text\">Midsommerdag<\/span> L\u00e6s mere &quot;<\/a><\/p>","protected":false},"author":1,"featured_media":0,"parent":0,"menu_order":0,"comment_status":"closed","ping_status":"closed","template":"","meta":{"site-sidebar-layout":"default","site-content-layout":"default","ast-main-header-display":"","ast-hfb-above-header-display":"","ast-hfb-below-header-display":"","ast-hfb-mobile-header-display":"","site-post-title":"disabled","ast-breadcrumbs-content":"","ast-featured-img":"","footer-sml-layout":"","theme-transparent-header-meta":"default","adv-header-id-meta":"","stick-header-meta":"","header-above-stick-meta":"","header-main-stick-meta":"","header-below-stick-meta":"","footnotes":""},"class_list":["post-172","page","type-page","status-publish","hentry"],"_links":{"self":[{"href":"https:\/\/xn--arbetsdagarperr-ulb.se\/da\/wp-json\/wp\/v2\/pages\/172","targetHints":{"allow":["GET"]}}],"collection":[{"href":"https:\/\/xn--arbetsdagarperr-ulb.se\/da\/wp-json\/wp\/v2\/pages"}],"about":[{"href":"https:\/\/xn--arbetsdagarperr-ulb.se\/da\/wp-json\/wp\/v2\/types\/page"}],"author":[{"embeddable":true,"href":"https:\/\/xn--arbetsdagarperr-ulb.se\/da\/wp-json\/wp\/v2\/users\/1"}],"replies":[{"embeddable":true,"href":"https:\/\/xn--arbetsdagarperr-ulb.se\/da\/wp-json\/wp\/v2\/comments?post=172"}],"version-history":[{"count":4,"href":"https:\/\/xn--arbetsdagarperr-ulb.se\/da\/wp-json\/wp\/v2\/pages\/172\/revisions"}],"predecessor-version":[{"id":6611,"href":"https:\/\/xn--arbetsdagarperr-ulb.se\/da\/wp-json\/wp\/v2\/pages\/172\/revisions\/6611"}],"wp:attachment":[{"href":"https:\/\/xn--arbetsdagarperr-ulb.se\/da\/wp-json\/wp\/v2\/media?parent=172"}],"curies":[{"name":"wp","href":"https:\/\/api.w.org\/{rel}","templated":true}]}}